{"id":182,"date":"2022-01-20T08:12:30","date_gmt":"2022-01-20T08:12:30","guid":{"rendered":"https:\/\/lasikainuu.fi\/?page_id=182"},"modified":"2022-02-03T18:11:12","modified_gmt":"2022-02-03T18:11:12","slug":"tyokonelasit","status":"publish","type":"page","link":"https:\/\/lasikainuu.fi\/?page_id=182","title":{"rendered":"TY\u00d6KONELASIT"},"content":{"rendered":"<p>[vc_row full_width=&#8221;stretch_row_content&#8221; el_class=&#8221;titlerow&#8221; css=&#8221;.vc_custom_1642778831440{background: #1870bc url(https:\/\/lasikainuu.fi\/wp-content\/uploads\/2022\/01\/tyokonelasit1.jpg?id=201) !important;background-position: center !important;background-repeat: no-repeat !important;background-size: cover !important;}&#8221;][vc_column][vc_custom_heading text=&#8221;TY\u00d6KONELASIT&#8221; font_container=&#8221;tag:h1|font_size:48|text_align:center|color:%23f9f9f9&#8243; use_theme_fonts=&#8221;yes&#8221; css_animation=&#8221;slideInLeft&#8221; el_class=&#8221;Headingdingd&#8221;][vc_empty_space][\/vc_column][\/vc_row][vc_row el_class=&#8221;nomobile&#8221;][vc_column][vc_empty_space height=&#8221;48px&#8221; el_class=&#8221;nomobile&#8221;][\/vc_column][\/vc_row][vc_row full_width=&#8221;stretch_row_content&#8221; equal_height=&#8221;yes&#8221; el_class=&#8221;slidercolumn&#8221;][vc_column width=&#8221;1\/2&#8243; css=&#8221;.vc_custom_1642778881990{background-color: #184070 !important;}&#8221;][vc_images_carousel images=&#8221;200&#8243; img_size=&#8221;583&#215;300&#8243; onclick=&#8221;link_no&#8221; speed=&#8221;7000&#8243; autoplay=&#8221;yes&#8221; hide_pagination_control=&#8221;yes&#8221; hide_prev_next_buttons=&#8221;yes&#8221; wrap=&#8221;yes&#8221; css=&#8221;.vc_custom_1643450988968{margin-right: 20px !important;}&#8221; el_class=&#8221;sideimages&#8221;][\/vc_column][vc_column width=&#8221;1\/2&#8243; css=&#8221;.vc_custom_1643909267978{background-color: #ffffff !important;}&#8221;][vc_column_text css=&#8221;.vc_custom_1643911867141{margin-top: 30px !important;margin-right: 20px !important;margin-left: 20px !important;}&#8221;]<\/p>\n<h2>Lasitukset koneeseen kuin koneeseen<\/h2>\n<p>Valmistamme ja asennamme ty\u00f6konelaseja 3+3mm laminoidusta lasista mittojen mukaan. Asennamme my\u00f6s asiakkaan itse tilaamia laseja.<\/p>\n<h2>Ota yhteytt\u00e4 ja kysy lis\u00e4\u00e4! L\u00f6yd\u00e4t yhteystiedot t\u00e4\u00e4lt\u00e4: <a href=\"https:\/\/lasikainuu.fi\/#contact\">Yhteystiedot<\/a><\/h2>\n<p>[\/vc_column_text][\/vc_column][\/vc_row][vc_row][vc_column][vc_empty_space height=&#8221;80px&#8221;][\/vc_column][\/vc_row]<\/p>\n","protected":false},"excerpt":{"rendered":"<p>[vc_row full_width=&#8221;stretch_row_content&#8221; el_class=&#8221;titlerow&#8221; css=&#8221;.vc_custom_1642778831440{background: #1870bc url(https:\/\/lasikainuu.fi\/wp-content\/uploads\/2022\/01\/tyokonelasit1.jpg?id=201) !important;background-position: center !important;background-repeat: no-repeat !important;background-size: cover !important;}&#8221;][vc_column][vc_custom_heading text=&#8221;TY\u00d6KONELASIT&#8221; font_container=&#8221;tag:h1|font_size:48|text_align:center|color:%23f9f9f9&#8243; use_theme_fonts=&#8221;yes&#8221; css_animation=&#8221;slideInLeft&#8221; el_class=&#8221;Headingdingd&#8221;][vc_empty_space][\/vc_column][\/vc_row][vc_row el_class=&#8221;nomobile&#8221;][vc_column][vc_empty_space height=&#8221;48px&#8221; el_class=&#8221;nomobile&#8221;][\/vc_column][\/vc_row][vc_row full_width=&#8221;stretch_row_content&#8221; equal_height=&#8221;yes&#8221; el_class=&#8221;slidercolumn&#8221;][vc_column width=&#8221;1\/2&#8243; css=&#8221;.vc_custom_1642778881990{background-color: #184070 !important;}&#8221;][vc_images_carousel images=&#8221;200&#8243; img_size=&#8221;583&#215;300&#8243; [&hellip;]<\/p>\n","protected":false},"author":1,"featured_media":0,"parent":0,"menu_order":0,"comment_status":"closed","ping_status":"closed","template":"page_front-page.php","meta":[],"yoast_head":"<!-- This site is optimized with the Yoast SEO plugin v18.0 - https:\/\/yoast.com\/wordpress\/plugins\/seo\/ -->\n<title>TY\u00d6KONELASIT - Kainuun lasikeskus Oy<\/title>\n<meta name=\"robots\" content=\"index, follow, max-snippet:-1, max-image-preview:large, max-video-preview:-1\" \/>\n<link rel=\"canonical\" href=\"https:\/\/lasikainuu.fi\/?page_id=182\" \/>\n<meta property=\"og:locale\" content=\"fi_FI\" \/>\n<meta property=\"og:type\" content=\"article\" \/>\n<meta property=\"og:title\" content=\"TY\u00d6KONELASIT - Kainuun lasikeskus Oy\" \/>\n<meta property=\"og:description\" content=\"[vc_row full_width=&#8221;stretch_row_content&#8221; el_class=&#8221;titlerow&#8221; css=&#8221;.vc_custom_1642778831440{background: #1870bc url(https:\/\/lasikainuu.fi\/wp-content\/uploads\/2022\/01\/tyokonelasit1.jpg?id=201) !important;background-position: center !important;background-repeat: no-repeat !important;background-size: cover !important;}&#8221;][vc_column][vc_custom_heading text=&#8221;TY\u00d6KONELASIT&#8221; font_container=&#8221;tag:h1|font_size:48|text_align:center|color:%23f9f9f9&#8243; use_theme_fonts=&#8221;yes&#8221; css_animation=&#8221;slideInLeft&#8221; el_class=&#8221;Headingdingd&#8221;][vc_empty_space][\/vc_column][\/vc_row][vc_row el_class=&#8221;nomobile&#8221;][vc_column][vc_empty_space height=&#8221;48px&#8221; el_class=&#8221;nomobile&#8221;][\/vc_column][\/vc_row][vc_row full_width=&#8221;stretch_row_content&#8221; equal_height=&#8221;yes&#8221; el_class=&#8221;slidercolumn&#8221;][vc_column width=&#8221;1\/2&#8243; css=&#8221;.vc_custom_1642778881990{background-color: #184070 !important;}&#8221;][vc_images_carousel images=&#8221;200&#8243; img_size=&#8221;583&#215;300&#8243; [&hellip;]\" \/>\n<meta property=\"og:url\" content=\"https:\/\/lasikainuu.fi\/?page_id=182\" \/>\n<meta property=\"og:site_name\" content=\"Kainuun lasikeskus Oy\" \/>\n<meta property=\"article:modified_time\" content=\"2022-02-03T18:11:12+00:00\" \/>\n<meta name=\"twitter:card\" content=\"summary_large_image\" \/>\n<meta name=\"twitter:label1\" content=\"Arvioitu lukuaika\" \/>\n\t<meta name=\"twitter:data1\" content=\"1 minuutti\" \/>\n<script type=\"application\/ld+json\" class=\"yoast-schema-graph\">{\"@context\":\"https:\/\/schema.org\",\"@graph\":[{\"@type\":\"WebSite\",\"@id\":\"https:\/\/lasikainuu.fi\/#website\",\"url\":\"https:\/\/lasikainuu.fi\/\",\"name\":\"Kainuun lasikeskus Oy\",\"description\":\"Lasien myynti, asennus ja korjaus vuosikymmenien kokemuksella\",\"potentialAction\":[{\"@type\":\"SearchAction\",\"target\":{\"@type\":\"EntryPoint\",\"urlTemplate\":\"https:\/\/lasikainuu.fi\/?s={search_term_string}\"},\"query-input\":\"required name=search_term_string\"}],\"inLanguage\":\"fi\"},{\"@type\":\"WebPage\",\"@id\":\"https:\/\/lasikainuu.fi\/?page_id=182#webpage\",\"url\":\"https:\/\/lasikainuu.fi\/?page_id=182\",\"name\":\"TY\u00d6KONELASIT - Kainuun lasikeskus Oy\",\"isPartOf\":{\"@id\":\"https:\/\/lasikainuu.fi\/#website\"},\"datePublished\":\"2022-01-20T08:12:30+00:00\",\"dateModified\":\"2022-02-03T18:11:12+00:00\",\"breadcrumb\":{\"@id\":\"https:\/\/lasikainuu.fi\/?page_id=182#breadcrumb\"},\"inLanguage\":\"fi\",\"potentialAction\":[{\"@type\":\"ReadAction\",\"target\":[\"https:\/\/lasikainuu.fi\/?page_id=182\"]}]},{\"@type\":\"BreadcrumbList\",\"@id\":\"https:\/\/lasikainuu.fi\/?page_id=182#breadcrumb\",\"itemListElement\":[{\"@type\":\"ListItem\",\"position\":1,\"name\":\"Home\",\"item\":\"https:\/\/lasikainuu.fi\/\"},{\"@type\":\"ListItem\",\"position\":2,\"name\":\"TY\u00d6KONELASIT\"}]}]}<\/script>\n<!-- \/ Yoast SEO plugin. -->","yoast_head_json":{"title":"TY\u00d6KONELASIT - Kainuun lasikeskus Oy","robots":{"index":"index","follow":"follow","max-snippet":"max-snippet:-1","max-image-preview":"max-image-preview:large","max-video-preview":"max-video-preview:-1"},"canonical":"https:\/\/lasikainuu.fi\/?page_id=182","og_locale":"fi_FI","og_type":"article","og_title":"TY\u00d6KONELASIT - Kainuun lasikeskus Oy","og_description":"[vc_row full_width=&#8221;stretch_row_content&#8221; el_class=&#8221;titlerow&#8221; css=&#8221;.vc_custom_1642778831440{background: #1870bc url(https:\/\/lasikainuu.fi\/wp-content\/uploads\/2022\/01\/tyokonelasit1.jpg?id=201) !important;background-position: center !important;background-repeat: no-repeat !important;background-size: cover !important;}&#8221;][vc_column][vc_custom_heading text=&#8221;TY\u00d6KONELASIT&#8221; font_container=&#8221;tag:h1|font_size:48|text_align:center|color:%23f9f9f9&#8243; use_theme_fonts=&#8221;yes&#8221; css_animation=&#8221;slideInLeft&#8221; el_class=&#8221;Headingdingd&#8221;][vc_empty_space][\/vc_column][\/vc_row][vc_row el_class=&#8221;nomobile&#8221;][vc_column][vc_empty_space height=&#8221;48px&#8221; el_class=&#8221;nomobile&#8221;][\/vc_column][\/vc_row][vc_row full_width=&#8221;stretch_row_content&#8221; equal_height=&#8221;yes&#8221; el_class=&#8221;slidercolumn&#8221;][vc_column width=&#8221;1\/2&#8243; css=&#8221;.vc_custom_1642778881990{background-color: #184070 !important;}&#8221;][vc_images_carousel images=&#8221;200&#8243; img_size=&#8221;583&#215;300&#8243; [&hellip;]","og_url":"https:\/\/lasikainuu.fi\/?page_id=182","og_site_name":"Kainuun lasikeskus Oy","article_modified_time":"2022-02-03T18:11:12+00:00","twitter_card":"summary_large_image","twitter_misc":{"Arvioitu lukuaika":"1 minuutti"},"schema":{"@context":"https:\/\/schema.org","@graph":[{"@type":"WebSite","@id":"https:\/\/lasikainuu.fi\/#website","url":"https:\/\/lasikainuu.fi\/","name":"Kainuun lasikeskus Oy","description":"Lasien myynti, asennus ja korjaus vuosikymmenien kokemuksella","potentialAction":[{"@type":"SearchAction","target":{"@type":"EntryPoint","urlTemplate":"https:\/\/lasikainuu.fi\/?s={search_term_string}"},"query-input":"required name=search_term_string"}],"inLanguage":"fi"},{"@type":"WebPage","@id":"https:\/\/lasikainuu.fi\/?page_id=182#webpage","url":"https:\/\/lasikainuu.fi\/?page_id=182","name":"TY\u00d6KONELASIT - Kainuun lasikeskus Oy","isPartOf":{"@id":"https:\/\/lasikainuu.fi\/#website"},"datePublished":"2022-01-20T08:12:30+00:00","dateModified":"2022-02-03T18:11:12+00:00","breadcrumb":{"@id":"https:\/\/lasikainuu.fi\/?page_id=182#breadcrumb"},"inLanguage":"fi","potentialAction":[{"@type":"ReadAction","target":["https:\/\/lasikainuu.fi\/?page_id=182"]}]},{"@type":"BreadcrumbList","@id":"https:\/\/lasikainuu.fi\/?page_id=182#breadcrumb","itemListElement":[{"@type":"ListItem","position":1,"name":"Home","item":"https:\/\/lasikainuu.fi\/"},{"@type":"ListItem","position":2,"name":"TY\u00d6KONELASIT"}]}]}},"_links":{"self":[{"href":"https:\/\/lasikainuu.fi\/index.php?rest_route=\/wp\/v2\/pages\/182"}],"collection":[{"href":"https:\/\/lasikainuu.fi\/index.php?rest_route=\/wp\/v2\/pages"}],"about":[{"href":"https:\/\/lasikainuu.fi\/index.php?rest_route=\/wp\/v2\/types\/page"}],"author":[{"embeddable":true,"href":"https:\/\/lasikainuu.fi\/index.php?rest_route=\/wp\/v2\/users\/1"}],"replies":[{"embeddable":true,"href":"https:\/\/lasikainuu.fi\/index.php?rest_route=%2Fwp%2Fv2%2Fcomments&post=182"}],"version-history":[{"count":16,"href":"https:\/\/lasikainuu.fi\/index.php?rest_route=\/wp\/v2\/pages\/182\/revisions"}],"predecessor-version":[{"id":461,"href":"https:\/\/lasikainuu.fi\/index.php?rest_route=\/wp\/v2\/pages\/182\/revisions\/461"}],"wp:attachment":[{"href":"https:\/\/lasikainuu.fi\/index.php?rest_route=%2Fwp%2Fv2%2Fmedia&parent=182"}],"curies":[{"name":"wp","href":"https:\/\/api.w.org\/{rel}","templated":true}]}}