{"id":160,"date":"2022-01-20T07:48:14","date_gmt":"2022-01-20T07:48:14","guid":{"rendered":"https:\/\/lasikainuu.fi\/?page_id=160"},"modified":"2022-02-03T17:26:54","modified_gmt":"2022-02-03T17:26:54","slug":"terassin-lasit","status":"publish","type":"page","link":"https:\/\/lasikainuu.fi\/?page_id=160","title":{"rendered":"TERASSIN LASIT"},"content":{"rendered":"<p>[vc_row full_width=&#8221;stretch_row_content&#8221; el_class=&#8221;titlerow&#8221; css=&#8221;.vc_custom_1642665234062{background: rgba(24,112,188,0.59) url(https:\/\/lasikainuu.fi\/wp-content\/uploads\/2022\/01\/terassin-lasit-overlay-1.jpg?id=164) !important;background-position: center !important;background-repeat: no-repeat !important;background-size: cover !important;*background-color: rgb(24,112,188) !important;}&#8221;][vc_column][vc_custom_heading text=&#8221;TERASSIN LASIT&#8221; font_container=&#8221;tag:h1|font_size:48|text_align:center|color:%23ffffff&#8221; use_theme_fonts=&#8221;yes&#8221; css_animation=&#8221;slideInLeft&#8221; el_class=&#8221;Headingdingd&#8221;][vc_empty_space][\/vc_column][\/vc_row][vc_row el_class=&#8221;nomobile&#8221;][vc_column][vc_empty_space height=&#8221;48px&#8221; el_class=&#8221;nomobile&#8221;][\/vc_column][\/vc_row][vc_row full_width=&#8221;stretch_row_content&#8221; equal_height=&#8221;yes&#8221;][vc_column width=&#8221;1\/2&#8243; css=&#8221;.vc_custom_1643663944198{background-color: #184070 !important;}&#8221; el_class=&#8221;slidercolumn&#8221;][vc_images_carousel images=&#8221;162&#8243; img_size=&#8221;583&#215;300&#8243; onclick=&#8221;link_no&#8221; speed=&#8221;7000&#8243; autoplay=&#8221;yes&#8221; hide_pagination_control=&#8221;yes&#8221; hide_prev_next_buttons=&#8221;yes&#8221; wrap=&#8221;yes&#8221; css=&#8221;.vc_custom_1643450906097{margin-right: 20px !important;}&#8221; el_class=&#8221;sideimages&#8221;][\/vc_column][vc_column width=&#8221;1\/2&#8243; css=&#8221;.vc_custom_1643909204597{background-color: #ffffff !important;}&#8221;][vc_column_text css=&#8221;.vc_custom_1643909194019{margin-top: 30px !important;margin-right: 20px !important;margin-left: 20px !important;}&#8221;]<\/p>\n<h2>Terassi- ja parvekelasit<\/h2>\n<p>Terassi- tai parvekelasituksella lis\u00e4t\u00e4\u00e4n viihtyvyytt\u00e4 terassilla tai parvekkeella. Lasitettu tila toimii asunnon lis\u00e4huoneena s\u00e4\u00e4st\u00e4 riippumatta, ja lis\u00e4l\u00e4mmittimell\u00e4 vaikka ymp\u00e4ri vuoden. J\u00e4m\u00e4kk\u00e4 ja varmatoiminen lasitus tuo lis\u00e4ksi turvaa parvekkeelle. Suljettuna tiivistetty lasitus v\u00e4hent\u00e4\u00e4 miellytt\u00e4v\u00e4sti melua, siitep\u00f6lyn ja ilmansaasteiden kulkeutumista, ja minimoi lumen sek\u00e4 veden harmit lasitetussa tilassa.<\/p>\n<p>Katso koko valikoima toimittajamme sivuilta: <a href=\"https:\/\/lukkan.fi\/terassilasit\/\">https:\/\/lukkan.fi\/terassilasit\/<\/a>[\/vc_column_text][\/vc_column][\/vc_row][vc_row][vc_column][vc_empty_space height=&#8221;80px&#8221;][\/vc_column][\/vc_row]<\/p>\n","protected":false},"excerpt":{"rendered":"<p>[vc_row full_width=&#8221;stretch_row_content&#8221; el_class=&#8221;titlerow&#8221; css=&#8221;.vc_custom_1642665234062{background: rgba(24,112,188,0.59) url(https:\/\/lasikainuu.fi\/wp-content\/uploads\/2022\/01\/terassin-lasit-overlay-1.jpg?id=164) !important;background-position: center !important;background-repeat: no-repeat !important;background-size: cover !important;*background-color: rgb(24,112,188) !important;}&#8221;][vc_column][vc_custom_heading text=&#8221;TERASSIN LASIT&#8221; font_container=&#8221;tag:h1|font_size:48|text_align:center|color:%23ffffff&#8221; use_theme_fonts=&#8221;yes&#8221; css_animation=&#8221;slideInLeft&#8221; el_class=&#8221;Headingdingd&#8221;][vc_empty_space][\/vc_column][\/vc_row][vc_row el_class=&#8221;nomobile&#8221;][vc_column][vc_empty_space height=&#8221;48px&#8221; el_class=&#8221;nomobile&#8221;][\/vc_column][\/vc_row][vc_row full_width=&#8221;stretch_row_content&#8221; equal_height=&#8221;yes&#8221;][vc_column width=&#8221;1\/2&#8243; css=&#8221;.vc_custom_1643663944198{background-color: #184070 !important;}&#8221; [&hellip;]<\/p>\n","protected":false},"author":1,"featured_media":0,"parent":0,"menu_order":0,"comment_status":"closed","ping_status":"closed","template":"page_front-page.php","meta":[],"yoast_head":"<!-- This site is optimized with the Yoast SEO plugin v18.0 - https:\/\/yoast.com\/wordpress\/plugins\/seo\/ -->\n<title>TERASSIN LASIT - Kainuun lasikeskus Oy<\/title>\n<meta name=\"robots\" content=\"index, follow, max-snippet:-1, max-image-preview:large, max-video-preview:-1\" \/>\n<link rel=\"canonical\" href=\"https:\/\/lasikainuu.fi\/?page_id=160\" \/>\n<meta property=\"og:locale\" content=\"fi_FI\" \/>\n<meta property=\"og:type\" content=\"article\" \/>\n<meta property=\"og:title\" content=\"TERASSIN LASIT - Kainuun lasikeskus Oy\" \/>\n<meta property=\"og:description\" content=\"[vc_row full_width=&#8221;stretch_row_content&#8221; el_class=&#8221;titlerow&#8221; css=&#8221;.vc_custom_1642665234062{background: rgba(24,112,188,0.59) url(https:\/\/lasikainuu.fi\/wp-content\/uploads\/2022\/01\/terassin-lasit-overlay-1.jpg?id=164) !important;background-position: center !important;background-repeat: no-repeat !important;background-size: cover !important;*background-color: rgb(24,112,188) !important;}&#8221;][vc_column][vc_custom_heading text=&#8221;TERASSIN LASIT&#8221; font_container=&#8221;tag:h1|font_size:48|text_align:center|color:%23ffffff&#8221; use_theme_fonts=&#8221;yes&#8221; css_animation=&#8221;slideInLeft&#8221; el_class=&#8221;Headingdingd&#8221;][vc_empty_space][\/vc_column][\/vc_row][vc_row el_class=&#8221;nomobile&#8221;][vc_column][vc_empty_space height=&#8221;48px&#8221; el_class=&#8221;nomobile&#8221;][\/vc_column][\/vc_row][vc_row full_width=&#8221;stretch_row_content&#8221; equal_height=&#8221;yes&#8221;][vc_column width=&#8221;1\/2&#8243; css=&#8221;.vc_custom_1643663944198{background-color: #184070 !important;}&#8221; [&hellip;]\" \/>\n<meta property=\"og:url\" content=\"https:\/\/lasikainuu.fi\/?page_id=160\" \/>\n<meta property=\"og:site_name\" content=\"Kainuun lasikeskus Oy\" \/>\n<meta property=\"article:modified_time\" content=\"2022-02-03T17:26:54+00:00\" \/>\n<meta name=\"twitter:card\" content=\"summary_large_image\" \/>\n<meta name=\"twitter:label1\" content=\"Arvioitu lukuaika\" \/>\n\t<meta name=\"twitter:data1\" content=\"1 minuutti\" \/>\n<script type=\"application\/ld+json\" class=\"yoast-schema-graph\">{\"@context\":\"https:\/\/schema.org\",\"@graph\":[{\"@type\":\"WebSite\",\"@id\":\"https:\/\/lasikainuu.fi\/#website\",\"url\":\"https:\/\/lasikainuu.fi\/\",\"name\":\"Kainuun lasikeskus Oy\",\"description\":\"Lasien myynti, asennus ja korjaus vuosikymmenien kokemuksella\",\"potentialAction\":[{\"@type\":\"SearchAction\",\"target\":{\"@type\":\"EntryPoint\",\"urlTemplate\":\"https:\/\/lasikainuu.fi\/?s={search_term_string}\"},\"query-input\":\"required name=search_term_string\"}],\"inLanguage\":\"fi\"},{\"@type\":\"WebPage\",\"@id\":\"https:\/\/lasikainuu.fi\/?page_id=160#webpage\",\"url\":\"https:\/\/lasikainuu.fi\/?page_id=160\",\"name\":\"TERASSIN LASIT - Kainuun lasikeskus Oy\",\"isPartOf\":{\"@id\":\"https:\/\/lasikainuu.fi\/#website\"},\"datePublished\":\"2022-01-20T07:48:14+00:00\",\"dateModified\":\"2022-02-03T17:26:54+00:00\",\"breadcrumb\":{\"@id\":\"https:\/\/lasikainuu.fi\/?page_id=160#breadcrumb\"},\"inLanguage\":\"fi\",\"potentialAction\":[{\"@type\":\"ReadAction\",\"target\":[\"https:\/\/lasikainuu.fi\/?page_id=160\"]}]},{\"@type\":\"BreadcrumbList\",\"@id\":\"https:\/\/lasikainuu.fi\/?page_id=160#breadcrumb\",\"itemListElement\":[{\"@type\":\"ListItem\",\"position\":1,\"name\":\"Home\",\"item\":\"https:\/\/lasikainuu.fi\/\"},{\"@type\":\"ListItem\",\"position\":2,\"name\":\"TERASSIN LASIT\"}]}]}<\/script>\n<!-- \/ Yoast SEO plugin. -->","yoast_head_json":{"title":"TERASSIN LASIT - Kainuun lasikeskus Oy","robots":{"index":"index","follow":"follow","max-snippet":"max-snippet:-1","max-image-preview":"max-image-preview:large","max-video-preview":"max-video-preview:-1"},"canonical":"https:\/\/lasikainuu.fi\/?page_id=160","og_locale":"fi_FI","og_type":"article","og_title":"TERASSIN LASIT - Kainuun lasikeskus Oy","og_description":"[vc_row full_width=&#8221;stretch_row_content&#8221; el_class=&#8221;titlerow&#8221; css=&#8221;.vc_custom_1642665234062{background: rgba(24,112,188,0.59) url(https:\/\/lasikainuu.fi\/wp-content\/uploads\/2022\/01\/terassin-lasit-overlay-1.jpg?id=164) !important;background-position: center !important;background-repeat: no-repeat !important;background-size: cover !important;*background-color: rgb(24,112,188) !important;}&#8221;][vc_column][vc_custom_heading text=&#8221;TERASSIN LASIT&#8221; font_container=&#8221;tag:h1|font_size:48|text_align:center|color:%23ffffff&#8221; use_theme_fonts=&#8221;yes&#8221; css_animation=&#8221;slideInLeft&#8221; el_class=&#8221;Headingdingd&#8221;][vc_empty_space][\/vc_column][\/vc_row][vc_row el_class=&#8221;nomobile&#8221;][vc_column][vc_empty_space height=&#8221;48px&#8221; el_class=&#8221;nomobile&#8221;][\/vc_column][\/vc_row][vc_row full_width=&#8221;stretch_row_content&#8221; equal_height=&#8221;yes&#8221;][vc_column width=&#8221;1\/2&#8243; css=&#8221;.vc_custom_1643663944198{background-color: #184070 !important;}&#8221; [&hellip;]","og_url":"https:\/\/lasikainuu.fi\/?page_id=160","og_site_name":"Kainuun lasikeskus Oy","article_modified_time":"2022-02-03T17:26:54+00:00","twitter_card":"summary_large_image","twitter_misc":{"Arvioitu lukuaika":"1 minuutti"},"schema":{"@context":"https:\/\/schema.org","@graph":[{"@type":"WebSite","@id":"https:\/\/lasikainuu.fi\/#website","url":"https:\/\/lasikainuu.fi\/","name":"Kainuun lasikeskus Oy","description":"Lasien myynti, asennus ja korjaus vuosikymmenien kokemuksella","potentialAction":[{"@type":"SearchAction","target":{"@type":"EntryPoint","urlTemplate":"https:\/\/lasikainuu.fi\/?s={search_term_string}"},"query-input":"required name=search_term_string"}],"inLanguage":"fi"},{"@type":"WebPage","@id":"https:\/\/lasikainuu.fi\/?page_id=160#webpage","url":"https:\/\/lasikainuu.fi\/?page_id=160","name":"TERASSIN LASIT - Kainuun lasikeskus Oy","isPartOf":{"@id":"https:\/\/lasikainuu.fi\/#website"},"datePublished":"2022-01-20T07:48:14+00:00","dateModified":"2022-02-03T17:26:54+00:00","breadcrumb":{"@id":"https:\/\/lasikainuu.fi\/?page_id=160#breadcrumb"},"inLanguage":"fi","potentialAction":[{"@type":"ReadAction","target":["https:\/\/lasikainuu.fi\/?page_id=160"]}]},{"@type":"BreadcrumbList","@id":"https:\/\/lasikainuu.fi\/?page_id=160#breadcrumb","itemListElement":[{"@type":"ListItem","position":1,"name":"Home","item":"https:\/\/lasikainuu.fi\/"},{"@type":"ListItem","position":2,"name":"TERASSIN LASIT"}]}]}},"_links":{"self":[{"href":"https:\/\/lasikainuu.fi\/index.php?rest_route=\/wp\/v2\/pages\/160"}],"collection":[{"href":"https:\/\/lasikainuu.fi\/index.php?rest_route=\/wp\/v2\/pages"}],"about":[{"href":"https:\/\/lasikainuu.fi\/index.php?rest_route=\/wp\/v2\/types\/page"}],"author":[{"embeddable":true,"href":"https:\/\/lasikainuu.fi\/index.php?rest_route=\/wp\/v2\/users\/1"}],"replies":[{"embeddable":true,"href":"https:\/\/lasikainuu.fi\/index.php?rest_route=%2Fwp%2Fv2%2Fcomments&post=160"}],"version-history":[{"count":13,"href":"https:\/\/lasikainuu.fi\/index.php?rest_route=\/wp\/v2\/pages\/160\/revisions"}],"predecessor-version":[{"id":449,"href":"https:\/\/lasikainuu.fi\/index.php?rest_route=\/wp\/v2\/pages\/160\/revisions\/449"}],"wp:attachment":[{"href":"https:\/\/lasikainuu.fi\/index.php?rest_route=%2Fwp%2Fv2%2Fmedia&parent=160"}],"curies":[{"name":"wp","href":"https:\/\/api.w.org\/{rel}","templated":true}]}}